{"id":883,"date":"2014-10-27T04:27:13","date_gmt":"2014-10-27T03:27:13","guid":{"rendered":"https:\/\/davincistoneworld.com\/en\/page-2\/"},"modified":"2021-04-23T10:16:10","modified_gmt":"2021-04-23T14:16:10","slug":"about-us","status":"publish","type":"page","link":"https:\/\/davincistoneworld.com\/en\/about-us\/","title":{"rendered":"ABOUT US"},"content":{"rendered":"<h1>Natural stone, a wise choice<\/h1>\n<p>The owners of Les Pierres du monde Da Vinci, a family business, are well acquainted with the use of natural stone. They have been carving and polishing this material for many years. Without a doubt, natural stone is a wise choice for this family.<\/p>\n<p>We are very much oriented towards the aesthetic aspect of the stone. We carry out all the necessary steps to achieve your projects, from the importation to the installation of the natural stone, including custom tailoring. We work in close collaboration with construction, cabinet making and design professionals.<\/p>\n<h3>\u25c8 Natural stone: an accessible material<\/h3>\n<p>Considered for a long time as a prestigious and not very accessible material, natural stone today comes in several forms and in a wide range of prices.<\/p>\n<p>Natural stones offer an exceptional surface with a high durability. Its popularity in the manufacturing of kitchen countertops is growing since it is possible to cut food directly on it without fear of damage. Once treated, the surface offers a very low liquid absorption rate, allowing for easy cleaning. With minimal care, natural stone countertops can retain their original condition for generations.<\/p>\n<p>Licence from the R\u00e9gie du b\u00e2timent du Qu\u00e9bec (RBQ): 5645-6502-01<\/p>\n<div  id=\"jtg-1253\" class=\"modula modula-gallery modula-custom-grid\" data-config=\"{&quot;height&quot;:800,&quot;tabletHeight&quot;:800,&quot;mobileHeight&quot;:800,&quot;desktopHeight&quot;:800,&quot;enableTwitter&quot;:false,&quot;enableWhatsapp&quot;:false,&quot;enableFacebook&quot;:false,&quot;enablePinterest&quot;:false,&quot;enableLinkedin&quot;:false,&quot;enableEmail&quot;:false,&quot;randomFactor&quot;:0.5,&quot;type&quot;:&quot;custom-grid&quot;,&quot;columns&quot;:12,&quot;gutter&quot;:10,&quot;mobileGutter&quot;:10,&quot;tabletGutter&quot;:10,&quot;desktopGutter&quot;:10,&quot;enableResponsive&quot;:&quot;0&quot;,&quot;tabletColumns&quot;:&quot;2&quot;,&quot;mobileColumns&quot;:&quot;1&quot;,&quot;lazyLoad&quot;:0,&quot;lightboxOpts&quot;:{&quot;animated&quot;:true,&quot;Thumbs&quot;:{&quot;type&quot;:&quot;modern&quot;,&quot;showOnStart&quot;:false},&quot;Toolbar&quot;:{&quot;display&quot;:{&quot;right&quot;:[&quot;close&quot;]},&quot;enabled&quot;:true},&quot;Carousel&quot;:{&quot;Panzoom&quot;:{&quot;touch&quot;:true},&quot;infinite&quot;:false},&quot;keyboard&quot;:{&quot;Escape&quot;:&quot;close&quot;,&quot;Delete&quot;:&quot;close&quot;,&quot;Backspace&quot;:&quot;close&quot;,&quot;PageUp&quot;:false,&quot;PageDown&quot;:false,&quot;ArrowUp&quot;:false,&quot;ArrowDown&quot;:false,&quot;ArrowRight&quot;:false,&quot;ArrowLeft&quot;:false},&quot;touch&quot;:false,&quot;backdropClick&quot;:false,&quot;l10n&quot;:{&quot;CLOSE&quot;:&quot;Close&quot;,&quot;NEXT&quot;:&quot;Next&quot;,&quot;PREV&quot;:&quot;Previous&quot;,&quot;Error&quot;:&quot;The requested content cannot be loaded. Please try again later.&quot;,&quot;PLAY_START&quot;:&quot;Start slideshow&quot;,&quot;PLAY_STOP&quot;:&quot;Pause slideshow&quot;,&quot;FULL_SCREEN&quot;:&quot;Full screen&quot;,&quot;THUMBS&quot;:&quot;Thumbnails&quot;,&quot;DOWNLOAD&quot;:&quot;Download&quot;,&quot;SHARE&quot;:&quot;Share&quot;,&quot;ZOOM&quot;:&quot;Zoom&quot;,&quot;EMAIL&quot;:&quot;Here is the link to the image : %%image_link%% and this is the link to the gallery : %%gallery_link%%&quot;,&quot;MODAL&quot;:&quot;You can close this modal content with the ESC key&quot;,&quot;ERROR&quot;:&quot;Something Went Wrong, Please Try Again Later&quot;,&quot;IMAGE_ERROR&quot;:&quot;Image Not Found&quot;,&quot;ELEMENT_NOT_FOUND&quot;:&quot;HTML Element Not Found&quot;,&quot;AJAX_NOT_FOUND&quot;:&quot;Error Loading AJAX : Not Found&quot;,&quot;AJAX_FORBIDDEN&quot;:&quot;Error Loading AJAX : Forbidden&quot;,&quot;IFRAME_ERROR&quot;:&quot;Error Loading Page&quot;,&quot;TOGGLE_ZOOM&quot;:&quot;Toggle zoom level&quot;,&quot;TOGGLE_THUMBS&quot;:&quot;Toggle thumbnails&quot;,&quot;TOGGLE_SLIDESHOW&quot;:&quot;Toggle slideshow&quot;,&quot;TOGGLE_FULLSCREEN&quot;:&quot;Toggle full-screen mode&quot;},&quot;Images&quot;:{&quot;Panzoom&quot;:{&quot;maxScale&quot;:2}},&quot;mainClass&quot;:&quot;modula-fancybox-container modula-lightbox-jtg-1253&quot;,&quot;Html&quot;:{&quot;videoAutoplay&quot;:0,&quot;videoTpl&quot;:&quot;&lt;video class=\\&quot;fancybox__html5video\\&quot; controls muted playsinline controlsList controlsList=\\&quot;nodownload\\&quot; poster=\\&quot;{{poster}}\\&quot; src=\\&quot;{{src}}\\&quot; type=\\&quot;{{format}}\\&quot; &gt;  Sorry, your browser doesn&#039;t support embedded videos, &lt;a href=\\&quot;{{src}}\\&quot;&gt; download &lt;\\\/a&gt; and watch with your favorite video player! &lt;\\\/video&gt;&quot;}},&quot;inView&quot;:false,&quot;email_subject&quot;:&quot;Check out this awesome image !!&quot;,&quot;email_message&quot;:&quot;Here is the link to the image : %%image_link%% and this is the link to the gallery : %%gallery_link%%&quot;,&quot;lightbox&quot;:&quot;fancybox&quot;}\">\n\n\t\n\t<div  class=\"modula-items\">\n\t\t<div class=\"modula-item\" data-width=\"3\" data-height=\"3\" >\n\t<div class=\"modula-item-content\">\n\t\t\n\t\t\t\t\t<a data-image-id=\"1122\" role=\"button\" tabindex=\"0\" rel=\"jtg-1253\" data-caption=\"\" aria-label=\"Open image in lightbox\" class=\"tile-inner modula-item-link\"><\/a>\n\t\t\n\t\t<img loading=\"lazy\" decoding=\"async\" class=\"pic wp-image-1122\"  data-valign=\"middle\" data-halign=\"center\" alt=\"\" data-full=\"https:\/\/davincistoneworld.com\/wp-content\/uploads\/2020\/04\/image1.jpeg\" title=\"image1\" crop=\"\" width=\"300\" height=\"225\" src=\"https:\/\/davincistoneworld.com\/wp-content\/uploads\/2020\/04\/image1-300x225.jpeg\" data-src=\"https:\/\/davincistoneworld.com\/wp-content\/uploads\/2020\/04\/image1-300x225.jpeg\" data-caption=\"\" srcset=\"https:\/\/davincistoneworld.com\/wp-content\/uploads\/2020\/04\/image1.jpeg 2048w, https:\/\/davincistoneworld.com\/wp-content\/uploads\/2020\/04\/image1-300x225.jpeg 300w, https:\/\/davincistoneworld.com\/wp-content\/uploads\/2020\/04\/image1-1024x768.jpeg 1024w, https:\/\/davincistoneworld.com\/wp-content\/uploads\/2020\/04\/image1-768x576.jpeg 768w, https:\/\/davincistoneworld.com\/wp-content\/uploads\/2020\/04\/image1-1536x1152.jpeg 1536w, https:\/\/davincistoneworld.com\/wp-content\/uploads\/2020\/04\/image1-265x200.jpeg 265w, https:\/\/davincistoneworld.com\/wp-content\/uploads\/2020\/04\/image1-18x14.jpeg 18w, https:\/\/davincistoneworld.com\/wp-content\/uploads\/2020\/04\/image1-36x27.jpeg 36w, https:\/\/davincistoneworld.com\/wp-content\/uploads\/2020\/04\/image1-48x36.jpeg 48w\" sizes=\"(max-width: 300px) 100vw, 300px\" \/>\n\t<\/div>\n\n<\/div><div class=\"modula-item\" data-width=\"3\" data-height=\"3\" >\n\t<div class=\"modula-item-content\">\n\t\t\n\t\t\t\t\t<a data-image-id=\"1120\" role=\"button\" tabindex=\"0\" rel=\"jtg-1253\" data-caption=\"\" aria-label=\"Open image in lightbox\" class=\"tile-inner modula-item-link\"><\/a>\n\t\t\n\t\t<img loading=\"lazy\" decoding=\"async\" class=\"pic wp-image-1120\"  data-valign=\"middle\" data-halign=\"center\" alt=\"\" data-full=\"https:\/\/davincistoneworld.com\/wp-content\/uploads\/2020\/04\/image0.jpeg\" title=\"image0\" crop=\"\" width=\"300\" height=\"225\" src=\"https:\/\/davincistoneworld.com\/wp-content\/uploads\/2020\/04\/image0-300x225.jpeg\" data-src=\"https:\/\/davincistoneworld.com\/wp-content\/uploads\/2020\/04\/image0-300x225.jpeg\" data-caption=\"\" srcset=\"https:\/\/davincistoneworld.com\/wp-content\/uploads\/2020\/04\/image0.jpeg 1600w, https:\/\/davincistoneworld.com\/wp-content\/uploads\/2020\/04\/image0-300x225.jpeg 300w, https:\/\/davincistoneworld.com\/wp-content\/uploads\/2020\/04\/image0-1024x768.jpeg 1024w, https:\/\/davincistoneworld.com\/wp-content\/uploads\/2020\/04\/image0-768x576.jpeg 768w, https:\/\/davincistoneworld.com\/wp-content\/uploads\/2020\/04\/image0-1536x1152.jpeg 1536w, https:\/\/davincistoneworld.com\/wp-content\/uploads\/2020\/04\/image0-265x200.jpeg 265w, https:\/\/davincistoneworld.com\/wp-content\/uploads\/2020\/04\/image0-18x14.jpeg 18w, https:\/\/davincistoneworld.com\/wp-content\/uploads\/2020\/04\/image0-36x27.jpeg 36w, https:\/\/davincistoneworld.com\/wp-content\/uploads\/2020\/04\/image0-48x36.jpeg 48w\" sizes=\"(max-width: 300px) 100vw, 300px\" \/>\n\t<\/div>\n\n<\/div><div class=\"modula-item\" data-width=\"3\" data-height=\"3\" >\n\t<div class=\"modula-item-content\">\n\t\t\n\t\t\t\t\t<a data-image-id=\"1118\" role=\"button\" tabindex=\"0\" rel=\"jtg-1253\" data-caption=\"\" aria-label=\"Open image in lightbox\" class=\"tile-inner modula-item-link\"><\/a>\n\t\t\n\t\t<img loading=\"lazy\" decoding=\"async\" class=\"pic wp-image-1118\"  data-valign=\"middle\" data-halign=\"center\" alt=\"\" data-full=\"https:\/\/davincistoneworld.com\/wp-content\/uploads\/2020\/04\/image0-1.jpeg\" title=\"image0-1\" crop=\"\" width=\"225\" height=\"300\" src=\"https:\/\/davincistoneworld.com\/wp-content\/uploads\/2020\/04\/image0-1-225x300.jpeg\" data-src=\"https:\/\/davincistoneworld.com\/wp-content\/uploads\/2020\/04\/image0-1-225x300.jpeg\" data-caption=\"\" srcset=\"https:\/\/davincistoneworld.com\/wp-content\/uploads\/2020\/04\/image0-1.jpeg 1195w, https:\/\/davincistoneworld.com\/wp-content\/uploads\/2020\/04\/image0-1-225x300.jpeg 225w, https:\/\/davincistoneworld.com\/wp-content\/uploads\/2020\/04\/image0-1-768x1024.jpeg 768w, https:\/\/davincistoneworld.com\/wp-content\/uploads\/2020\/04\/image0-1-1152x1536.jpeg 1152w, https:\/\/davincistoneworld.com\/wp-content\/uploads\/2020\/04\/image0-1-14x18.jpeg 14w, https:\/\/davincistoneworld.com\/wp-content\/uploads\/2020\/04\/image0-1-27x36.jpeg 27w, https:\/\/davincistoneworld.com\/wp-content\/uploads\/2020\/04\/image0-1-36x48.jpeg 36w\" sizes=\"(max-width: 225px) 100vw, 225px\" \/>\n\t<\/div>\n\n<\/div><div class=\"modula-item\" data-width=\"3\" data-height=\"3\" >\n\t<div class=\"modula-item-content\">\n\t\t\n\t\t\t\t\t<a data-image-id=\"1124\" role=\"button\" tabindex=\"0\" rel=\"jtg-1253\" data-caption=\"\" aria-label=\"Open image in lightbox\" class=\"tile-inner modula-item-link\"><\/a>\n\t\t\n\t\t<img loading=\"lazy\" decoding=\"async\" class=\"pic wp-image-1124\"  data-valign=\"middle\" data-halign=\"center\" alt=\"\" data-full=\"https:\/\/davincistoneworld.com\/wp-content\/uploads\/2020\/04\/image2.jpeg\" title=\"image2\" crop=\"\" width=\"300\" height=\"169\" src=\"https:\/\/davincistoneworld.com\/wp-content\/uploads\/2020\/04\/image2-300x169.jpeg\" data-src=\"https:\/\/davincistoneworld.com\/wp-content\/uploads\/2020\/04\/image2-300x169.jpeg\" data-caption=\"\" srcset=\"https:\/\/davincistoneworld.com\/wp-content\/uploads\/2020\/04\/image2.jpeg 1600w, https:\/\/davincistoneworld.com\/wp-content\/uploads\/2020\/04\/image2-300x169.jpeg 300w, https:\/\/davincistoneworld.com\/wp-content\/uploads\/2020\/04\/image2-1024x576.jpeg 1024w, https:\/\/davincistoneworld.com\/wp-content\/uploads\/2020\/04\/image2-768x432.jpeg 768w, https:\/\/davincistoneworld.com\/wp-content\/uploads\/2020\/04\/image2-1536x864.jpeg 1536w, https:\/\/davincistoneworld.com\/wp-content\/uploads\/2020\/04\/image2-18x10.jpeg 18w, https:\/\/davincistoneworld.com\/wp-content\/uploads\/2020\/04\/image2-36x20.jpeg 36w, https:\/\/davincistoneworld.com\/wp-content\/uploads\/2020\/04\/image2-48x27.jpeg 48w\" sizes=\"(max-width: 300px) 100vw, 300px\" \/>\n\t<\/div>\n\n<\/div><div class=\"modula-item\" data-width=\"4\" data-height=\"3\" >\n\t<div class=\"modula-item-content\">\n\t\t\n\t\t\t\t\t<a data-image-id=\"1126\" role=\"button\" tabindex=\"0\" rel=\"jtg-1253\" data-caption=\"\" aria-label=\"Open image in lightbox\" class=\"tile-inner modula-item-link\"><\/a>\n\t\t\n\t\t<img loading=\"lazy\" decoding=\"async\" class=\"pic wp-image-1126\"  data-valign=\"middle\" data-halign=\"center\" alt=\"\" data-full=\"https:\/\/davincistoneworld.com\/wp-content\/uploads\/2020\/04\/image2.png\" title=\"image2\" crop=\"\" width=\"300\" height=\"225\" src=\"https:\/\/davincistoneworld.com\/wp-content\/uploads\/2020\/04\/image2-300x225.png\" data-src=\"https:\/\/davincistoneworld.com\/wp-content\/uploads\/2020\/04\/image2-300x225.png\" data-caption=\"\" srcset=\"https:\/\/davincistoneworld.com\/wp-content\/uploads\/2020\/04\/image2.png 2048w, https:\/\/davincistoneworld.com\/wp-content\/uploads\/2020\/04\/image2-300x225.png 300w, https:\/\/davincistoneworld.com\/wp-content\/uploads\/2020\/04\/image2-1024x768.png 1024w, https:\/\/davincistoneworld.com\/wp-content\/uploads\/2020\/04\/image2-768x576.png 768w, https:\/\/davincistoneworld.com\/wp-content\/uploads\/2020\/04\/image2-1536x1152.png 1536w, https:\/\/davincistoneworld.com\/wp-content\/uploads\/2020\/04\/image2-265x200.png 265w, https:\/\/davincistoneworld.com\/wp-content\/uploads\/2020\/04\/image2-18x14.png 18w, https:\/\/davincistoneworld.com\/wp-content\/uploads\/2020\/04\/image2-36x27.png 36w, https:\/\/davincistoneworld.com\/wp-content\/uploads\/2020\/04\/image2-48x36.png 48w\" sizes=\"(max-width: 300px) 100vw, 300px\" \/>\n\t<\/div>\n\n<\/div><div class=\"modula-item\" data-width=\"4\" data-height=\"3\" >\n\t<div class=\"modula-item-content\">\n\t\t\n\t\t\t\t\t<a data-image-id=\"1128\" role=\"button\" tabindex=\"0\" rel=\"jtg-1253\" data-caption=\"\" aria-label=\"Open image in lightbox\" class=\"tile-inner modula-item-link\"><\/a>\n\t\t\n\t\t<img loading=\"lazy\" decoding=\"async\" class=\"pic wp-image-1128\"  data-valign=\"middle\" data-halign=\"center\" alt=\"\" data-full=\"https:\/\/davincistoneworld.com\/wp-content\/uploads\/2020\/04\/image3.jpeg\" title=\"image3\" crop=\"\" width=\"300\" height=\"225\" src=\"https:\/\/davincistoneworld.com\/wp-content\/uploads\/2020\/04\/image3-300x225.jpeg\" data-src=\"https:\/\/davincistoneworld.com\/wp-content\/uploads\/2020\/04\/image3-300x225.jpeg\" data-caption=\"\" srcset=\"https:\/\/davincistoneworld.com\/wp-content\/uploads\/2020\/04\/image3.jpeg 2049w, https:\/\/davincistoneworld.com\/wp-content\/uploads\/2020\/04\/image3-300x225.jpeg 300w, https:\/\/davincistoneworld.com\/wp-content\/uploads\/2020\/04\/image3-1024x768.jpeg 1024w, https:\/\/davincistoneworld.com\/wp-content\/uploads\/2020\/04\/image3-768x576.jpeg 768w, https:\/\/davincistoneworld.com\/wp-content\/uploads\/2020\/04\/image3-1536x1152.jpeg 1536w, https:\/\/davincistoneworld.com\/wp-content\/uploads\/2020\/04\/image3-265x200.jpeg 265w, https:\/\/davincistoneworld.com\/wp-content\/uploads\/2020\/04\/image3-18x14.jpeg 18w, https:\/\/davincistoneworld.com\/wp-content\/uploads\/2020\/04\/image3-36x27.jpeg 36w, https:\/\/davincistoneworld.com\/wp-content\/uploads\/2020\/04\/image3-48x36.jpeg 48w\" sizes=\"(max-width: 300px) 100vw, 300px\" \/>\n\t<\/div>\n\n<\/div><div class=\"modula-item\" data-width=\"4\" data-height=\"3\" >\n\t<div class=\"modula-item-content\">\n\t\t\n\t\t\t\t\t<a data-image-id=\"1248\" role=\"button\" tabindex=\"0\" rel=\"jtg-1253\" data-caption=\"\" aria-label=\"Open image in lightbox\" class=\"tile-inner modula-item-link\"><\/a>\n\t\t\n\t\t<img loading=\"lazy\" decoding=\"async\" class=\"pic wp-image-1248\"  data-valign=\"middle\" data-halign=\"center\" alt=\"\" data-full=\"https:\/\/davincistoneworld.com\/wp-content\/uploads\/2021\/04\/01.jpg\" title=\"01\" crop=\"\" width=\"300\" height=\"225\" src=\"https:\/\/davincistoneworld.com\/wp-content\/uploads\/2021\/04\/01-300x225.jpg\" data-src=\"https:\/\/davincistoneworld.com\/wp-content\/uploads\/2021\/04\/01-300x225.jpg\" data-caption=\"\" srcset=\"https:\/\/davincistoneworld.com\/wp-content\/uploads\/2021\/04\/01.jpg 1549w, https:\/\/davincistoneworld.com\/wp-content\/uploads\/2021\/04\/01-300x225.jpg 300w, https:\/\/davincistoneworld.com\/wp-content\/uploads\/2021\/04\/01-1024x768.jpg 1024w, https:\/\/davincistoneworld.com\/wp-content\/uploads\/2021\/04\/01-768x576.jpg 768w, https:\/\/davincistoneworld.com\/wp-content\/uploads\/2021\/04\/01-1536x1151.jpg 1536w, https:\/\/davincistoneworld.com\/wp-content\/uploads\/2021\/04\/01-265x200.jpg 265w, https:\/\/davincistoneworld.com\/wp-content\/uploads\/2021\/04\/01-18x13.jpg 18w, https:\/\/davincistoneworld.com\/wp-content\/uploads\/2021\/04\/01-36x27.jpg 36w, https:\/\/davincistoneworld.com\/wp-content\/uploads\/2021\/04\/01-48x36.jpg 48w\" sizes=\"(max-width: 300px) 100vw, 300px\" \/>\n\t<\/div>\n\n<\/div>\t\t\n\t<\/div>\n\n\t\n\t\n\t<script type=\"application\/ld+json\">\n\t{\n\t\t\"@context\": \"http:\/\/schema.org\",\n\t\t\"@type\"   : \"ImageGallery\",\n\t\t\"id\"      : \"https:\/\/davincistoneworld.com\/en\/about-us\/\",\n\t\t\"url\"     : \"https:\/\/davincistoneworld.com\/en\/about-us\/\"\n\t}\n\n\t<\/script>\n\n\t\n<\/div>\n\n","protected":false},"excerpt":{"rendered":"<p>Natural stone, a wise choice The owners of Les Pierres du monde Da Vinci, a family business, are well acquainted with the use of natural stone. They have been carving and polishing this material for many years. Without a doubt, natural stone is a wise choice for this family. We are very much oriented towards [&hellip;]<\/p>\n","protected":false},"author":5,"featured_media":696,"parent":0,"menu_order":0,"comment_status":"closed","ping_status":"closed","template":"","meta":{"_genesis_hide_title":false,"_genesis_hide_breadcrumbs":false,"_genesis_hide_singular_image":false,"_genesis_hide_footer_widgets":false,"_genesis_custom_body_class":"","_genesis_custom_post_class":"","_genesis_layout":"full-width-content","footnotes":""},"class_list":{"0":"post-883","1":"page","2":"type-page","3":"status-publish","4":"has-post-thumbnail","6":"entry"},"yoast_head":"<!-- This site is optimized with the Yoast SEO plugin v24.9 - https:\/\/yoast.com\/wordpress\/plugins\/seo\/ -->\n<title>La pierre naturelle, un choix judicieux pour Les Pierres du monde Da Vinci<\/title>\n<meta name=\"description\" content=\"Longtemps consid\u00e9r\u00e9e comme un mat\u00e9riau peu accessible, la pierre naturelle se d\u00e9cline sous plusieurs formes et dans une gamme vari\u00e9e de prix.\" \/>\n<meta name=\"robots\" content=\"index, follow, max-snippet:-1, max-image-preview:large, max-video-preview:-1\" \/>\n<link rel=\"canonical\" href=\"http:\/\/www.davincistoneworld.com\/en\/about-us\/\" \/>\n<meta property=\"og:locale\" content=\"en_US\" \/>\n<meta property=\"og:type\" content=\"article\" \/>\n<meta property=\"og:title\" content=\"La pierre naturelle, un choix judicieux pour Les Pierres du monde Da Vinci\" \/>\n<meta property=\"og:description\" content=\"Longtemps consid\u00e9r\u00e9e comme un mat\u00e9riau peu accessible, la pierre naturelle se d\u00e9cline sous plusieurs formes et dans une gamme vari\u00e9e de prix.\" \/>\n<meta property=\"og:url\" content=\"http:\/\/www.davincistoneworld.com\/en\/about-us\/\" \/>\n<meta property=\"og:site_name\" content=\"Les Pierres du monde Da Vinci\" \/>\n<meta property=\"article:modified_time\" content=\"2021-04-23T14:16:10+00:00\" \/>\n<meta property=\"og:image\" content=\"http:\/\/www.davincistoneworld.com\/wp-content\/uploads\/2014\/09\/placeholder-2.jpg\" \/>\n\t<meta property=\"og:image:width\" content=\"640\" \/>\n\t<meta property=\"og:image:height\" content=\"480\" \/>\n\t<meta property=\"og:image:type\" content=\"image\/jpeg\" \/>\n<meta name=\"twitter:label1\" content=\"Est. reading time\" \/>\n\t<meta name=\"twitter:data1\" content=\"1 minute\" \/>\n<script type=\"application\/ld+json\" class=\"yoast-schema-graph\">{\"@context\":\"https:\/\/schema.org\",\"@graph\":[{\"@type\":\"WebPage\",\"@id\":\"http:\/\/www.davincistoneworld.com\/en\/about-us\/\",\"url\":\"http:\/\/www.davincistoneworld.com\/en\/about-us\/\",\"name\":\"La pierre naturelle, un choix judicieux pour Les Pierres du monde Da Vinci\",\"isPartOf\":{\"@id\":\"http:\/\/www.davincistoneworld.com\/#website\"},\"primaryImageOfPage\":{\"@id\":\"http:\/\/www.davincistoneworld.com\/en\/about-us\/#primaryimage\"},\"image\":{\"@id\":\"http:\/\/www.davincistoneworld.com\/en\/about-us\/#primaryimage\"},\"thumbnailUrl\":\"https:\/\/davincistoneworld.com\/wp-content\/uploads\/2014\/09\/placeholder-2.jpg\",\"datePublished\":\"2014-10-27T03:27:13+00:00\",\"dateModified\":\"2021-04-23T14:16:10+00:00\",\"description\":\"Longtemps consid\u00e9r\u00e9e comme un mat\u00e9riau peu accessible, la pierre naturelle se d\u00e9cline sous plusieurs formes et dans une gamme vari\u00e9e de prix.\",\"breadcrumb\":{\"@id\":\"http:\/\/www.davincistoneworld.com\/en\/about-us\/#breadcrumb\"},\"inLanguage\":\"en-US\",\"potentialAction\":[{\"@type\":\"ReadAction\",\"target\":[\"http:\/\/www.davincistoneworld.com\/en\/about-us\/\"]}]},{\"@type\":\"ImageObject\",\"inLanguage\":\"en-US\",\"@id\":\"http:\/\/www.davincistoneworld.com\/en\/about-us\/#primaryimage\",\"url\":\"https:\/\/davincistoneworld.com\/wp-content\/uploads\/2014\/09\/placeholder-2.jpg\",\"contentUrl\":\"https:\/\/davincistoneworld.com\/wp-content\/uploads\/2014\/09\/placeholder-2.jpg\",\"width\":640,\"height\":480},{\"@type\":\"BreadcrumbList\",\"@id\":\"http:\/\/www.davincistoneworld.com\/en\/about-us\/#breadcrumb\",\"itemListElement\":[{\"@type\":\"ListItem\",\"position\":1,\"name\":\"Home\",\"item\":\"http:\/\/www.davincistoneworld.com\/\"},{\"@type\":\"ListItem\",\"position\":2,\"name\":\"ABOUT US\"}]},{\"@type\":\"WebSite\",\"@id\":\"http:\/\/www.davincistoneworld.com\/#website\",\"url\":\"http:\/\/www.davincistoneworld.com\/\",\"name\":\"Les Pierres du monde Da Vinci\",\"description\":\"\",\"publisher\":{\"@id\":\"http:\/\/www.davincistoneworld.com\/#organization\"},\"potentialAction\":[{\"@type\":\"SearchAction\",\"target\":{\"@type\":\"EntryPoint\",\"urlTemplate\":\"http:\/\/www.davincistoneworld.com\/?s={search_term_string}\"},\"query-input\":{\"@type\":\"PropertyValueSpecification\",\"valueRequired\":true,\"valueName\":\"search_term_string\"}}],\"inLanguage\":\"en-US\"},{\"@type\":\"Organization\",\"@id\":\"http:\/\/www.davincistoneworld.com\/#organization\",\"name\":\"Les Pierres Du Monde DaVinci\",\"url\":\"http:\/\/www.davincistoneworld.com\/\",\"logo\":{\"@type\":\"ImageObject\",\"inLanguage\":\"en-US\",\"@id\":\"http:\/\/www.davincistoneworld.com\/#\/schema\/logo\/image\/\",\"url\":\"https:\/\/davincistoneworld.com\/wp-content\/uploads\/2020\/04\/Logo_DaVinci.png\",\"contentUrl\":\"https:\/\/davincistoneworld.com\/wp-content\/uploads\/2020\/04\/Logo_DaVinci.png\",\"width\":746,\"height\":756,\"caption\":\"Les Pierres Du Monde DaVinci\"},\"image\":{\"@id\":\"http:\/\/www.davincistoneworld.com\/#\/schema\/logo\/image\/\"}}]}<\/script>\n<!-- \/ Yoast SEO plugin. -->","yoast_head_json":{"title":"La pierre naturelle, un choix judicieux pour Les Pierres du monde Da Vinci","description":"Longtemps consid\u00e9r\u00e9e comme un mat\u00e9riau peu accessible, la pierre naturelle se d\u00e9cline sous plusieurs formes et dans une gamme vari\u00e9e de prix.","robots":{"index":"index","follow":"follow","max-snippet":"max-snippet:-1","max-image-preview":"max-image-preview:large","max-video-preview":"max-video-preview:-1"},"canonical":"http:\/\/www.davincistoneworld.com\/en\/about-us\/","og_locale":"en_US","og_type":"article","og_title":"La pierre naturelle, un choix judicieux pour Les Pierres du monde Da Vinci","og_description":"Longtemps consid\u00e9r\u00e9e comme un mat\u00e9riau peu accessible, la pierre naturelle se d\u00e9cline sous plusieurs formes et dans une gamme vari\u00e9e de prix.","og_url":"http:\/\/www.davincistoneworld.com\/en\/about-us\/","og_site_name":"Les Pierres du monde Da Vinci","article_modified_time":"2021-04-23T14:16:10+00:00","og_image":[{"width":640,"height":480,"url":"http:\/\/www.davincistoneworld.com\/wp-content\/uploads\/2014\/09\/placeholder-2.jpg","type":"image\/jpeg"}],"twitter_misc":{"Est. reading time":"1 minute"},"schema":{"@context":"https:\/\/schema.org","@graph":[{"@type":"WebPage","@id":"http:\/\/www.davincistoneworld.com\/en\/about-us\/","url":"http:\/\/www.davincistoneworld.com\/en\/about-us\/","name":"La pierre naturelle, un choix judicieux pour Les Pierres du monde Da Vinci","isPartOf":{"@id":"http:\/\/www.davincistoneworld.com\/#website"},"primaryImageOfPage":{"@id":"http:\/\/www.davincistoneworld.com\/en\/about-us\/#primaryimage"},"image":{"@id":"http:\/\/www.davincistoneworld.com\/en\/about-us\/#primaryimage"},"thumbnailUrl":"https:\/\/davincistoneworld.com\/wp-content\/uploads\/2014\/09\/placeholder-2.jpg","datePublished":"2014-10-27T03:27:13+00:00","dateModified":"2021-04-23T14:16:10+00:00","description":"Longtemps consid\u00e9r\u00e9e comme un mat\u00e9riau peu accessible, la pierre naturelle se d\u00e9cline sous plusieurs formes et dans une gamme vari\u00e9e de prix.","breadcrumb":{"@id":"http:\/\/www.davincistoneworld.com\/en\/about-us\/#breadcrumb"},"inLanguage":"en-US","potentialAction":[{"@type":"ReadAction","target":["http:\/\/www.davincistoneworld.com\/en\/about-us\/"]}]},{"@type":"ImageObject","inLanguage":"en-US","@id":"http:\/\/www.davincistoneworld.com\/en\/about-us\/#primaryimage","url":"https:\/\/davincistoneworld.com\/wp-content\/uploads\/2014\/09\/placeholder-2.jpg","contentUrl":"https:\/\/davincistoneworld.com\/wp-content\/uploads\/2014\/09\/placeholder-2.jpg","width":640,"height":480},{"@type":"BreadcrumbList","@id":"http:\/\/www.davincistoneworld.com\/en\/about-us\/#breadcrumb","itemListElement":[{"@type":"ListItem","position":1,"name":"Home","item":"http:\/\/www.davincistoneworld.com\/"},{"@type":"ListItem","position":2,"name":"ABOUT US"}]},{"@type":"WebSite","@id":"http:\/\/www.davincistoneworld.com\/#website","url":"http:\/\/www.davincistoneworld.com\/","name":"Les Pierres du monde Da Vinci","description":"","publisher":{"@id":"http:\/\/www.davincistoneworld.com\/#organization"},"potentialAction":[{"@type":"SearchAction","target":{"@type":"EntryPoint","urlTemplate":"http:\/\/www.davincistoneworld.com\/?s={search_term_string}"},"query-input":{"@type":"PropertyValueSpecification","valueRequired":true,"valueName":"search_term_string"}}],"inLanguage":"en-US"},{"@type":"Organization","@id":"http:\/\/www.davincistoneworld.com\/#organization","name":"Les Pierres Du Monde DaVinci","url":"http:\/\/www.davincistoneworld.com\/","logo":{"@type":"ImageObject","inLanguage":"en-US","@id":"http:\/\/www.davincistoneworld.com\/#\/schema\/logo\/image\/","url":"https:\/\/davincistoneworld.com\/wp-content\/uploads\/2020\/04\/Logo_DaVinci.png","contentUrl":"https:\/\/davincistoneworld.com\/wp-content\/uploads\/2020\/04\/Logo_DaVinci.png","width":746,"height":756,"caption":"Les Pierres Du Monde DaVinci"},"image":{"@id":"http:\/\/www.davincistoneworld.com\/#\/schema\/logo\/image\/"}}]}},"_links":{"self":[{"href":"https:\/\/davincistoneworld.com\/en\/wp-json\/wp\/v2\/pages\/883"}],"collection":[{"href":"https:\/\/davincistoneworld.com\/en\/wp-json\/wp\/v2\/pages"}],"about":[{"href":"https:\/\/davincistoneworld.com\/en\/wp-json\/wp\/v2\/types\/page"}],"author":[{"embeddable":true,"href":"https:\/\/davincistoneworld.com\/en\/wp-json\/wp\/v2\/users\/5"}],"replies":[{"embeddable":true,"href":"https:\/\/davincistoneworld.com\/en\/wp-json\/wp\/v2\/comments?post=883"}],"version-history":[{"count":14,"href":"https:\/\/davincistoneworld.com\/en\/wp-json\/wp\/v2\/pages\/883\/revisions"}],"predecessor-version":[{"id":1254,"href":"https:\/\/davincistoneworld.com\/en\/wp-json\/wp\/v2\/pages\/883\/revisions\/1254"}],"wp:featuredmedia":[{"embeddable":true,"href":"https:\/\/davincistoneworld.com\/en\/wp-json\/wp\/v2\/media\/696"}],"wp:attachment":[{"href":"https:\/\/davincistoneworld.com\/en\/wp-json\/wp\/v2\/media?parent=883"}],"curies":[{"name":"wp","href":"https:\/\/api.w.org\/{rel}","templated":true}]}}